{"id":6334,"date":"2020-03-12T02:01:46","date_gmt":"2020-03-12T02:01:46","guid":{"rendered":"http:\/\/192.168.103.195\/?page_id=6334"},"modified":"2020-05-29T08:27:32","modified_gmt":"2020-05-29T08:27:32","slug":"portege-x30","status":"publish","type":"page","link":"https:\/\/www.tricom.com.ph\/index.php\/portege-x30\/","title":{"rendered":"Port\u00e9g\u00e9 X30"},"content":{"rendered":"<div class=\"wpb-content-wrapper\"><p>[vc_row content_aligment=&#8221;center&#8221;][vc_column][vc_gallery interval=&#8221;0&#8243; images=&#8221;6217&#8243; img_size=&#8221;full&#8221; onclick=&#8221;&#8221;][\/vc_column][\/vc_row][vc_row content_aligment=&#8221;center&#8221;][vc_column width=&#8221;1\/6&#8243;][\/vc_column][vc_column width=&#8221;2\/3&#8243;]<div class=\"qodef-separator-holder clearfix  qodef-separator-center qodef-separator-full-width\">\n\t<div class=\"qodef-separator\" style=\"border-color: #1e73be;border-width: 3px\"><\/div>\n<\/div>\n[vc_column_text]<\/p>\n<h1 class=\"font-light\" style=\"text-align: center;\">Port\u00e9g\u00e9 X30<\/h1>\n<p>[\/vc_column_text]<div class=\"qodef-separator-holder clearfix  qodef-separator-center qodef-separator-full-width\">\n\t<div class=\"qodef-separator\" style=\"border-color: #1e73be;border-width: 3px\"><\/div>\n<\/div>\n[vc_single_image image=&#8221;6295&#8243; img_size=&#8221;full&#8221; alignment=&#8221;center&#8221;][vc_column_text css=&#8221;.vc_custom_1583979631202{background-color: #e8e8e8 !important;}&#8221;]<\/p>\n<h3 style=\"text-align: center;\">The Horsepower of Full Intel Core Processors, in an Ultra-Sleek Business Laptop.<\/h3>\n<p class=\"text-center\" style=\"text-align: center;\">Measuring 15.9 mm thin and weighing a mere 1.05kg, the new Port\u00e9g\u00e9 X30 delivers the style, speed, battery life and durability you need to make a great first impression. The Port\u00e9g\u00e9 X30 combines a modern design with impeccable crafted Onyx Blue magnesium alloy chassis with leading-edge technologies to create a no comprise ultramobile computing solution with manageability, security and connectivity capabilities<\/p>\n<p>[\/vc_column_text][vc_empty_space][vc_single_image image=&#8221;6336&#8243; img_size=&#8221;full&#8221; alignment=&#8221;center&#8221;][vc_column_text css=&#8221;.vc_custom_1583979638794{background-color: #e8e8e8 !important;}&#8221;]<\/p>\n<h3 style=\"text-align: center;\">Proven Durability and Reliability<\/h3>\n<p class=\"text-center\" style=\"text-align: center;\">Designed, engineered, manufactured and rigorously tested in our dedicated facilities, the Port\u00e9g\u00e9 X30 delivers the quality and reliability synonymous with the Toshiba brand for the past 30 years. Toshiba\u2019s exclusive EasyGuard\u2122 suite offers top-notch data protection and physical durability when it comes to privacy or bumps and spills on the road.<\/p>\n<p>[\/vc_column_text][vc_empty_space][vc_single_image image=&#8221;6337&#8243; img_size=&#8221;full&#8221; alignment=&#8221;center&#8221;][vc_column_text css=&#8221;.vc_custom_1583979659409{background-color: #e8e8e8 !important;}&#8221;]<\/p>\n<h3 style=\"text-align: center;\">MIL-STD-810G Strong<\/h3>\n<p class=\"text-center\" style=\"text-align: center;\">Featuring a premium Magnesium alloy casing and honeycomb reinforcement, the Port\u00e9g\u00e9 X30 has been tested using the MIL-STD-810G methodology for drops, vibration, shock, dust, altitude, temperature, humidity and solar radiation.<\/p>\n<p>[\/vc_column_text][vc_empty_space][vc_single_image image=&#8221;6338&#8243; img_size=&#8221;full&#8221; alignment=&#8221;center&#8221;][vc_column_text css=&#8221;.vc_custom_1583979666607{background-color: #e8e8e8 !important;}&#8221;]<\/p>\n<h3 style=\"text-align: center;\">Unplugged Productivity<\/h3>\n<p class=\"text-center\" style=\"text-align: center;\">Designed for mobility, the Port\u00e9g\u00e9 X30 laptop provides an excellent battery life rating of up to 18 hours<sup>*<\/sup>\u00a0so you can tackle business tasks without interruption wherever business may happen.<\/p>\n<p>[\/vc_column_text][vc_empty_space][vc_single_image image=&#8221;6339&#8243; img_size=&#8221;full&#8221; alignment=&#8221;center&#8221;][vc_column_text css=&#8221;.vc_custom_1583979687644{background-color: #e8e8e8 !important;}&#8221;]<\/p>\n<h3 style=\"text-align: center;\">Advanced Security for Increased Peace of Mind<\/h3>\n<p class=\"text-center\" style=\"text-align: center;\">Keep your business critical data safe with advanced security features. Secured\u2122 with Synaptics\u00ae Natural ID fingerprint sensor built right into the computer\u2019s touchpad reader and IR-camera<sup>\u1da7<\/sup>\u00a0for face authentication allow you to quickly login to your device securely. Toshiba\u2019s own built-in BIOS, TPM 2.0 encryption and smart card reader\u1da7 provided an added layer of security so you can have a peace of mind.<\/p>\n<p>[\/vc_column_text][vc_empty_space][vc_single_image image=&#8221;6340&#8243; img_size=&#8221;full&#8221; alignment=&#8221;center&#8221;][vc_column_text css=&#8221;.vc_custom_1583979695421{background-color: #e8e8e8 !important;}&#8221;]<\/p>\n<h3 style=\"text-align: center;\">More ways to achieve on-the-go productivity<\/h3>\n<p class=\"text-center\" style=\"text-align: center;\">To enhance the input convenience for the user, the Port\u00e9g\u00e9 X30 features a full-size, backlit, spill-resistant keyboard with Accupoint\u00ae mechanism, plus a smart, dual-point Touchpad with fingerprint sensor. Whether on a plane, a dark lecture hall or a poorly lit room, Toshiba equipped the Port\u00e9g\u00e9 X30 to enable users to remain productive.<\/p>\n<p>[\/vc_column_text][vc_empty_space][vc_single_image image=&#8221;6341&#8243; img_size=&#8221;full&#8221; alignment=&#8221;center&#8221;][vc_column_text css=&#8221;.vc_custom_1583979706628{background-color: #e8e8e8 !important;}&#8221;]<\/p>\n<h3 style=\"text-align: center;\">Common Accessories<\/h3>\n<p class=\"text-center\" style=\"text-align: center;\">To reduce costs and increase overall business efficiency across the entire organization; the X Series are designed to share common accessories through the adoption of USB Type\u2010C and Thunderbolt\u2122 3 technologies. With Toshiba\u2019s proprietary docking solutions, the Port\u00e9g\u00e9 X30 laptop can easily connect to desktop peripherals, including printers and external monitors, in a single move. Now that\u2019s smart.<\/p>\n<p>[\/vc_column_text][vc_empty_space][vc_single_image image=&#8221;6342&#8243; img_size=&#8221;full&#8221; alignment=&#8221;center&#8221;][vc_column_text css=&#8221;.vc_custom_1583979716035{background-color: #e8e8e8 !important;}&#8221;]<\/p>\n<h3 style=\"text-align: center;\">Gorgeous Display: Visual Impact<\/h3>\n<p class=\"text-center\" style=\"text-align: center;\">The 13.3\u201d diagonal display is designed to give mobile workers freedom to work in tight quarters yet still get plenty of work done. What\u2019s more, it brings images to life with bright, crisp colors and excellent resolution, thanks to HD and Full HD options.<\/p>\n<p>[\/vc_column_text][vc_empty_space][vc_single_image image=&#8221;6343&#8243; img_size=&#8221;full&#8221; alignment=&#8221;center&#8221;][vc_column_text css=&#8221;.vc_custom_1583979732203{background-color: #e8e8e8 !important;}&#8221;]<\/p>\n<h3 style=\"text-align: center;\">Sleep and Charge<\/h3>\n<p class=\"text-center\" style=\"text-align: center;\">The USB Sleep &amp; Charge technology lets users charge a smartphone or tablet, even when the PC is off.<\/p>\n<p>[\/vc_column_text][vc_empty_space][vc_single_image image=&#8221;6344&#8243; img_size=&#8221;full&#8221; alignment=&#8221;center&#8221;][vc_column_text css=&#8221;.vc_custom_1583979747748{background-color: #e8e8e8 !important;}&#8221;]<\/p>\n<h3 style=\"text-align: center;\">Modern Ports with Expanded Capabilities<\/h3>\n<p class=\"text-center\" style=\"text-align: center;\">Even with an ultra-slim profile, Port\u00e9g\u00e9 X30 comes with 2 USB Type-C\u2122 ports, USB 3.0 port, an HDMI, and a microSD Card Slot as well as a headphone\/mic combo port to give you the maximum expansion opportunities available. The USB Type-C port features reversible plug orientation and supports Display, Power Delivery and Thunderbolt\u2122 3.<\/p>\n<p>[\/vc_column_text][vc_empty_space][vc_single_image image=&#8221;6345&#8243; img_size=&#8221;full&#8221; alignment=&#8221;center&#8221;][vc_column_text css=&#8221;.vc_custom_1583979755768{background-color: #e8e8e8 !important;}&#8221;]<\/p>\n<h3 style=\"text-align: center;\">A Commanding 360\u00b0 Sound System<\/h3>\n<p class=\"text-center\" style=\"text-align: center;\">Toshiba equipped the Port\u00e9g\u00e9 X30 with a premium audio experience via Harman Kardon\u00ae stereo speakers and DTS Sound\u2122 software. Toshiba\u2019s exclusive custom\u2010tuned speakers deliver a robust, crisp and natural audio from every angle.<\/p>\n<p>[\/vc_column_text][vc_empty_space]<a href=\"\/index.php\/dynabook-pc\/\" target=\"_self\" style=\"background-color: #1e73be\" class=\"qodef-btn qodef-btn-medium qodef-btn-solid qodef-btn-hover-animation\" data-hover-bg-color=\"#1e73be\" >\n            <div class=\"qodef-animation-overlay-holder\">\n            <span    class=\"qodef-animation-overlay\"><\/span>\n        <\/div>\n        <span class=\"qodef-btn-text\">Check other Model<\/span>\n    <span class=\"qodef-btn-text-icon\"><\/span>\n<\/a>[vc_empty_space][\/vc_column][vc_column width=&#8221;1\/6&#8243;][\/vc_column][\/vc_row]<\/p>\n<\/div>","protected":false},"excerpt":{"rendered":"<p>[vc_row content_aligment=&#8221;center&#8221;][vc_column][vc_gallery interval=&#8221;0&#8243; images=&#8221;6217&#8243; img_size=&#8221;full&#8221; onclick=&#8221;&#8221;][\/vc_column][\/vc_row][vc_row content_aligment=&#8221;center&#8221;][vc_column width=&#8221;1\/6&#8243;][\/vc_column][vc_column width=&#8221;2\/3&#8243;][vc_column_text] Port\u00e9g\u00e9 X30 [\/vc_column_text][vc_single_image image=&#8221;6295&#8243; img_size=&#8221;full&#8221; alignment=&#8221;center&#8221;][vc_column_text css=&#8221;.vc_custom_1583979631202{background-color: #e8e8e8 !important;}&#8221;] The Horsepower of Full Intel Core Processors, in an Ultra-Sleek Business Laptop. Measuring 15.9 mm thin and weighing a mere 1.05kg, the new Port\u00e9g\u00e9 X30 delivers the&#8230;<\/p>\n","protected":false},"author":1,"featured_media":0,"parent":0,"menu_order":0,"comment_status":"closed","ping_status":"closed","template":"full-width.php","meta":{"_acf_changed":false,"_eb_attr":"","om_disable_all_campaigns":false,"_monsterinsights_skip_tracking":false,"_monsterinsights_sitenote_active":false,"_monsterinsights_sitenote_note":"","_monsterinsights_sitenote_category":0,"footnotes":""},"class_list":["post-6334","page","type-page","status-publish","hentry"],"acf":[],"amp_enabled":false,"_links":{"self":[{"href":"https:\/\/www.tricom.com.ph\/index.php\/wp-json\/wp\/v2\/pages\/6334","targetHints":{"allow":["GET"]}}],"collection":[{"href":"https:\/\/www.tricom.com.ph\/index.php\/wp-json\/wp\/v2\/pages"}],"about":[{"href":"https:\/\/www.tricom.com.ph\/index.php\/wp-json\/wp\/v2\/types\/page"}],"author":[{"embeddable":true,"href":"https:\/\/www.tricom.com.ph\/index.php\/wp-json\/wp\/v2\/users\/1"}],"replies":[{"embeddable":true,"href":"https:\/\/www.tricom.com.ph\/index.php\/wp-json\/wp\/v2\/comments?post=6334"}],"version-history":[{"count":10,"href":"https:\/\/www.tricom.com.ph\/index.php\/wp-json\/wp\/v2\/pages\/6334\/revisions"}],"predecessor-version":[{"id":6489,"href":"https:\/\/www.tricom.com.ph\/index.php\/wp-json\/wp\/v2\/pages\/6334\/revisions\/6489"}],"wp:attachment":[{"href":"https:\/\/www.tricom.com.ph\/index.php\/wp-json\/wp\/v2\/media?parent=6334"}],"curies":[{"name":"wp","href":"https:\/\/api.w.org\/{rel}","templated":true}]}}